{"id":88,"date":"2024-05-26T16:02:10","date_gmt":"2024-05-26T16:02:10","guid":{"rendered":"https:\/\/reservasantaelena.org\/?page_id=88"},"modified":"2026-03-14T19:05:46","modified_gmt":"2026-03-14T19:05:46","slug":"camiantas-guiadas","status":"publish","type":"page","link":"https:\/\/reservasantaelena.org\/index.php\/camiantas-guiadas\/","title":{"rendered":"Caminatas guiadas"},"content":{"rendered":"\n<div class=\"wp-block-nk-awb nk-awb\" style=\"min-height:1000px\"><div class=\"nk-awb-wrap\" data-awb-type=\"image\" data-awb-parallax=\"scroll\" data-awb-parallax-speed=\"0.5\" data-awb-parallax-mobile=\"true\" data-awb-image-background-size=\"cover\" data-awb-image-background-position=\"46% 53%\"><div class=\"nk-awb-inner\"><img fetchpriority=\"high\" decoding=\"async\" src=\"https:\/\/reservasantaelena.org\/wp-content\/uploads\/2024\/05\/6T7A8943Grt-3.jpg\" class=\"wp-image-89 jarallax-img\" width=\"1731\" height=\"1154\" srcset=\"https:\/\/reservasantaelena.org\/wp-content\/uploads\/2024\/05\/6T7A8943Grt-3.jpg 1731w, https:\/\/reservasantaelena.org\/wp-content\/uploads\/2024\/05\/6T7A8943Grt-3-300x200.jpg 300w, https:\/\/reservasantaelena.org\/wp-content\/uploads\/2024\/05\/6T7A8943Grt-3-1024x683.jpg 1024w, https:\/\/reservasantaelena.org\/wp-content\/uploads\/2024\/05\/6T7A8943Grt-3-768x512.jpg 768w, https:\/\/reservasantaelena.org\/wp-content\/uploads\/2024\/05\/6T7A8943Grt-3-1536x1024.jpg 1536w, https:\/\/reservasantaelena.org\/wp-content\/uploads\/2024\/05\/6T7A8943Grt-3-18x12.jpg 18w, https:\/\/reservasantaelena.org\/wp-content\/uploads\/2024\/05\/6T7A8943Grt-3-500x333.jpg 500w, https:\/\/reservasantaelena.org\/wp-content\/uploads\/2024\/05\/6T7A8943Grt-3-800x533.jpg 800w, https:\/\/reservasantaelena.org\/wp-content\/uploads\/2024\/05\/6T7A8943Grt-3-1280x853.jpg 1280w\" sizes=\"(max-width: 1731px) 100vw, 1731px\" \/><\/div><\/div><div class=\"nk-awb-wrap-content is-layout-constrained wp-container-nk-awb-is-layout-19e250f3 wp-block-nk-awb-is-layout-constrained\">\n<div class=\"wp-block-columns is-layout-flex wp-container-core-columns-is-layout-a5331a9e wp-block-columns-is-layout-flex\" style=\"padding-top:0;padding-right:0;padding-bottom:0;padding-left:0\">\n<div class=\"wp-block-column is-layout-flow wp-block-column-is-layout-flow\" style=\"flex-basis:700px\"><\/div>\n\n\n\n<div class=\"wp-block-column is-layout-flow wp-block-column-is-layout-flow\">\n<div class=\"wp-block-nk-awb nk-awb\" style=\"min-height:450px\"><div class=\"nk-awb-wrap-content is-layout-constrained wp-block-nk-awb-is-layout-constrained\">\n<div style=\"height:100px\" aria-hidden=\"true\" class=\"wp-block-spacer\"><\/div>\n<\/div><\/div>\n<\/div>\n<\/div>\n\n\n\n<div style=\"height:100px\" aria-hidden=\"true\" class=\"wp-block-spacer\"><\/div>\n<\/div><\/div>\n\n\n\n<div style=\"height:73px\" aria-hidden=\"true\" class=\"wp-block-spacer\"><\/div>\n\n\n\n<h3 class=\"wp-block-heading alignwide has-text-align-center has-x-large-font-size\">Caminatas Guiadas<\/h3>\n\n\n\n<div style=\"height:38px\" aria-hidden=\"true\" class=\"wp-block-spacer\"><\/div>\n\n\n\n<div class=\"wp-block-nk-awb nk-awb nk-awb-fullheight nk-awb-content-valign-center alignwide\" style=\"min-height:375px\"><div class=\"nk-awb-wrap\" data-awb-type=\"image\" data-awb-image-background-size=\"cover\" data-awb-image-background-position=\"23% 50%\"><div class=\"nk-awb-inner\"><img decoding=\"async\" src=\"https:\/\/reservasantaelena.org\/wp-content\/uploads\/2024\/09\/IMG_0114-scaled.jpg\" class=\"wp-image-373 jarallax-img\" width=\"2560\" height=\"1706\" srcset=\"https:\/\/reservasantaelena.org\/wp-content\/uploads\/2024\/09\/IMG_0114-scaled.jpg 2560w, https:\/\/reservasantaelena.org\/wp-content\/uploads\/2024\/09\/IMG_0114-300x200.jpg 300w, https:\/\/reservasantaelena.org\/wp-content\/uploads\/2024\/09\/IMG_0114-1024x683.jpg 1024w, https:\/\/reservasantaelena.org\/wp-content\/uploads\/2024\/09\/IMG_0114-768x512.jpg 768w, https:\/\/reservasantaelena.org\/wp-content\/uploads\/2024\/09\/IMG_0114-1536x1024.jpg 1536w, https:\/\/reservasantaelena.org\/wp-content\/uploads\/2024\/09\/IMG_0114-2048x1365.jpg 2048w, https:\/\/reservasantaelena.org\/wp-content\/uploads\/2024\/09\/IMG_0114-18x12.jpg 18w, https:\/\/reservasantaelena.org\/wp-content\/uploads\/2024\/09\/IMG_0114-500x333.jpg 500w, https:\/\/reservasantaelena.org\/wp-content\/uploads\/2024\/09\/IMG_0114-800x533.jpg 800w, https:\/\/reservasantaelena.org\/wp-content\/uploads\/2024\/09\/IMG_0114-1280x853.jpg 1280w, https:\/\/reservasantaelena.org\/wp-content\/uploads\/2024\/09\/IMG_0114-1920x1280.jpg 1920w\" sizes=\"(max-width: 2560px) 100vw, 2560px\" \/><\/div><\/div><div class=\"nk-awb-wrap-content is-layout-constrained wp-container-nk-awb-is-layout-19e250f3 wp-block-nk-awb-is-layout-constrained\">\n<div class=\"wp-block-columns are-vertically-aligned-center is-layout-flex wp-container-core-columns-is-layout-dd4aaecb wp-block-columns-is-layout-flex\" style=\"border-style:none;border-width:0px;border-radius:0px;margin-top:0;margin-bottom:0;padding-top:0;padding-right:0;padding-bottom:0;padding-left:0\">\n<div class=\"wp-block-column is-vertically-aligned-center is-layout-constrained wp-block-column-is-layout-constrained\">\n<div class=\"wp-block-group is-layout-constrained wp-block-group-is-layout-constrained\">\n<p class=\"has-text-align-center has-ast-global-color-5-color has-text-color has-link-color has-small-font-size wp-elements-ae68f92b42cd06f2f7bf2238e84aa8d9\" style=\"margin-right:0;margin-left:0\">Nuestra Reserva cuenta con <strong>Gu\u00edas Locales<\/strong> capacitados y con experiencia sobre el <strong>Bosque Nuboso<\/strong>, logrando de esta manera, que en su visita pueda apreciar con mayor detalle las caracter\u00edsticas e interacciones del Bosque Nuboso, adem\u00e1s de los distintos atractivos de La Reserva y su vasta biodiversidad.<\/p>\n\n\n\n<p class=\"has-text-align-center has-ast-global-color-5-color has-text-color has-link-color has-small-font-size wp-elements-9a553657656f1b919c79f7eac5218464\" style=\"margin-right:0;margin-left:0\">Nuestros gu\u00edas locales le proveer\u00e1n un tour enfocado a la <strong>Historia Natural del Bosque Nuboso<\/strong>, su vegetaci\u00f3n y sus habitantes.<\/p>\n\n\n\n<p class=\"has-text-align-center has-ast-global-color-5-color has-text-color has-link-color has-small-font-size wp-elements-07f3022512d152d44032748f23a0e72a\" style=\"margin-right:0;margin-left:0\">No podemos garantizarle la observaci\u00f3n de fauna, por las condiciones propias de nuestro ecosistema, sin embargo haremos nuestro mayor esfuerzo para que su visita sea de provecho.<\/p>\n<\/div>\n<\/div>\n\n\n\n<div class=\"wp-block-column is-vertically-aligned-center is-layout-flow wp-container-core-column-is-layout-917b551b wp-block-column-is-layout-flow\" style=\"border-style:none;border-width:0px;padding-top:0;padding-right:var(--wp--preset--spacing--70);padding-bottom:0;padding-left:var(--wp--preset--spacing--70)\">\n<p class=\"has-text-align-center has-small-font-size\"><\/p>\n<\/div>\n<\/div>\n<\/div><\/div>\n\n\n\n<div style=\"height:38px\" aria-hidden=\"true\" class=\"wp-block-spacer\"><\/div>\n\n\n\n<div style=\"height:34px\" aria-hidden=\"true\" class=\"wp-block-spacer\"><\/div>\n\n\n\n<p class=\"has-text-align-center\"><strong>En nuestra reserva podemos ofrecerle caminatas guiadas diurnas:<\/strong><\/p>\n\n\n\n<div style=\"height:31px\" aria-hidden=\"true\" class=\"wp-block-spacer\"><\/div>\n\n\n\n<div class=\"wp-block-nk-awb nk-awb\" style=\"min-height:458px\"><div class=\"nk-awb-wrap-content is-layout-constrained wp-block-nk-awb-is-layout-constrained\">\n<div class=\"wp-block-columns is-layout-flex wp-container-core-columns-is-layout-28f84493 wp-block-columns-is-layout-flex\">\n<div class=\"wp-block-column is-layout-flow wp-block-column-is-layout-flow\" style=\"box-shadow:var(--wp--preset--shadow--natural)\">\n<div class=\"wp-block-nk-awb nk-awb\" style=\"min-height:400px\"><div class=\"nk-awb-wrap\" data-awb-type=\"image\" data-awb-image-background-size=\"cover\" data-awb-image-background-position=\"50% 50%\"><div class=\"nk-awb-inner\"><img decoding=\"async\" src=\"https:\/\/reservasantaelena.org\/wp-content\/uploads\/2024\/09\/IMG_0095-2-scaled.jpg\" class=\"wp-image-378 jarallax-img\" width=\"2560\" height=\"1440\" srcset=\"https:\/\/reservasantaelena.org\/wp-content\/uploads\/2024\/09\/IMG_0095-2-scaled.jpg 2560w, https:\/\/reservasantaelena.org\/wp-content\/uploads\/2024\/09\/IMG_0095-2-300x169.jpg 300w, https:\/\/reservasantaelena.org\/wp-content\/uploads\/2024\/09\/IMG_0095-2-1024x576.jpg 1024w, https:\/\/reservasantaelena.org\/wp-content\/uploads\/2024\/09\/IMG_0095-2-768x432.jpg 768w, https:\/\/reservasantaelena.org\/wp-content\/uploads\/2024\/09\/IMG_0095-2-1536x864.jpg 1536w, https:\/\/reservasantaelena.org\/wp-content\/uploads\/2024\/09\/IMG_0095-2-2048x1152.jpg 2048w, https:\/\/reservasantaelena.org\/wp-content\/uploads\/2024\/09\/IMG_0095-2-18x10.jpg 18w, https:\/\/reservasantaelena.org\/wp-content\/uploads\/2024\/09\/IMG_0095-2-500x281.jpg 500w, https:\/\/reservasantaelena.org\/wp-content\/uploads\/2024\/09\/IMG_0095-2-800x450.jpg 800w, https:\/\/reservasantaelena.org\/wp-content\/uploads\/2024\/09\/IMG_0095-2-1280x720.jpg 1280w, https:\/\/reservasantaelena.org\/wp-content\/uploads\/2024\/09\/IMG_0095-2-1920x1080.jpg 1920w\" sizes=\"(max-width: 2560px) 100vw, 2560px\" \/><\/div><\/div><div class=\"nk-awb-wrap-content is-layout-constrained wp-block-nk-awb-is-layout-constrained\">\n<h3 class=\"wp-block-heading has-text-align-center has-ast-global-color-5-color has-text-color has-link-color wp-elements-036950b97b16d59c76a95e547946b152\">Generales<\/h3>\n\n\n\n<p class=\"has-text-align-center has-ast-global-color-5-color has-text-color has-link-color wp-elements-6976d73850d3e918b7a8a832ab370e21\"><em>2.5 horas &amp; M\u00e1ximo 10 personas<\/em><\/p>\n\n\n\n<h1 class=\"wp-block-heading has-text-align-center has-ast-global-color-5-color has-text-color has-link-color wp-elements-a68fed7c0cc5d0ec4ee9d5ade264daab\"><strong>\u20a1<\/strong> 20 000<\/h1>\n\n\n\n<p class=\"has-text-align-center has-ast-global-color-5-color has-text-color has-link-color wp-elements-7501c20d29ce13d5ac1689e4d189bfd9\">Historia Natural y una experiencia enriquecedora <\/p>\n\n\n\n<h3 class=\"wp-block-heading has-text-align-center has-ast-global-color-5-color has-text-color has-link-color wp-elements-53d91e11dd82ae05a7eca013e7182e82\">M\u00e1s popular<\/h3>\n\n\n\n<hr class=\"wp-block-separator has-text-color has-white-color has-alpha-channel-opacity has-white-background-color has-background is-style-wide\" style=\"margin-top:var(--wp--preset--spacing--50);margin-bottom:var(--wp--preset--spacing--50)\"\/>\n<\/div><\/div>\n<\/div>\n\n\n\n<div class=\"wp-block-column is-vertically-aligned-center is-layout-flow wp-block-column-is-layout-flow\" style=\"box-shadow:none\">\n<div class=\"wp-block-nk-awb nk-awb\" style=\"min-height:400px\"><div class=\"nk-awb-wrap\" data-awb-type=\"image\" data-awb-image-background-size=\"cover\" data-awb-image-background-position=\"50% 50%\"><div class=\"nk-awb-inner\"><img loading=\"lazy\" decoding=\"async\" src=\"https:\/\/reservasantaelena.org\/wp-content\/uploads\/2024\/08\/6T7A9957-scaled.jpg\" class=\"wp-image-306 jarallax-img\" width=\"2560\" height=\"1707\" srcset=\"https:\/\/reservasantaelena.org\/wp-content\/uploads\/2024\/08\/6T7A9957-scaled.jpg 2560w, https:\/\/reservasantaelena.org\/wp-content\/uploads\/2024\/08\/6T7A9957-300x200.jpg 300w, https:\/\/reservasantaelena.org\/wp-content\/uploads\/2024\/08\/6T7A9957-1024x683.jpg 1024w, https:\/\/reservasantaelena.org\/wp-content\/uploads\/2024\/08\/6T7A9957-768x512.jpg 768w, https:\/\/reservasantaelena.org\/wp-content\/uploads\/2024\/08\/6T7A9957-1536x1024.jpg 1536w, https:\/\/reservasantaelena.org\/wp-content\/uploads\/2024\/08\/6T7A9957-2048x1365.jpg 2048w, https:\/\/reservasantaelena.org\/wp-content\/uploads\/2024\/08\/6T7A9957-18x12.jpg 18w, https:\/\/reservasantaelena.org\/wp-content\/uploads\/2024\/08\/6T7A9957-500x333.jpg 500w, https:\/\/reservasantaelena.org\/wp-content\/uploads\/2024\/08\/6T7A9957-800x533.jpg 800w, https:\/\/reservasantaelena.org\/wp-content\/uploads\/2024\/08\/6T7A9957-1280x853.jpg 1280w, https:\/\/reservasantaelena.org\/wp-content\/uploads\/2024\/08\/6T7A9957-1920x1280.jpg 1920w\" sizes=\"(max-width: 2560px) 100vw, 2560px\" \/><\/div><\/div><div class=\"nk-awb-wrap-content is-layout-constrained wp-block-nk-awb-is-layout-constrained\">\n<h3 class=\"wp-block-heading has-text-align-center has-ast-global-color-5-color has-text-color has-link-color wp-elements-7103077e16eac549f4bd1d5bd97836b5\">Privada<\/h3>\n\n\n\n<p class=\"has-text-align-center has-ast-global-color-5-color has-text-color has-link-color wp-elements-1eb8c3b05ee872b8fe58267c34a8904d\"><em><em>2.5 horas | 1-3 personas*<\/em><\/em><\/p>\n\n\n\n<h1 class=\"wp-block-heading has-text-align-center has-ast-global-color-5-color has-text-color has-link-color wp-elements-5e14cde41348628e3e29db9790e1076b\"><strong>\u20a1<\/strong>80 000<\/h1>\n\n\n\n<p class=\"has-text-align-center has-ast-global-color-5-color has-text-color has-link-color wp-elements-137671221a6275014b83ee6c3a554d6f\">Tu Grupo &#8211; Tu Tiempo Una experiencia para la Familia<\/p>\n\n\n\n<h3 class=\"wp-block-heading has-text-align-center has-ast-global-color-5-color has-text-color has-link-color wp-elements-ba301ae7d9ac5b5746b64417c1e2d625\">M\u00e1s Comodidad<\/h3>\n\n\n\n<hr class=\"wp-block-separator has-text-color has-white-color has-alpha-channel-opacity has-white-background-color has-background is-style-wide\" style=\"margin-top:var(--wp--preset--spacing--50);margin-bottom:var(--wp--preset--spacing--50)\"\/>\n<\/div><\/div>\n<\/div>\n<\/div>\n<\/div><\/div>\n\n\n\n<div class=\"wp-block-nk-awb nk-awb\" style=\"min-height:458px\"><div class=\"nk-awb-wrap-content is-layout-constrained wp-block-nk-awb-is-layout-constrained\">\n<div class=\"wp-block-columns is-layout-flex wp-container-core-columns-is-layout-28f84493 wp-block-columns-is-layout-flex\">\n<div class=\"wp-block-column is-layout-flow wp-block-column-is-layout-flow\" style=\"box-shadow:var(--wp--preset--shadow--natural)\">\n<div class=\"wp-block-nk-awb nk-awb\" style=\"min-height:400px\"><div class=\"nk-awb-wrap\" data-awb-type=\"image\" data-awb-image-background-size=\"cover\" data-awb-image-background-position=\"50% 50%\"><div class=\"nk-awb-inner\"><img loading=\"lazy\" decoding=\"async\" src=\"https:\/\/reservasantaelena.org\/wp-content\/uploads\/2024\/09\/IMG_0164-scaled.jpg\" class=\"wp-image-376 jarallax-img\" width=\"2560\" height=\"1440\" srcset=\"https:\/\/reservasantaelena.org\/wp-content\/uploads\/2024\/09\/IMG_0164-scaled.jpg 2560w, https:\/\/reservasantaelena.org\/wp-content\/uploads\/2024\/09\/IMG_0164-300x169.jpg 300w, https:\/\/reservasantaelena.org\/wp-content\/uploads\/2024\/09\/IMG_0164-1024x576.jpg 1024w, https:\/\/reservasantaelena.org\/wp-content\/uploads\/2024\/09\/IMG_0164-768x432.jpg 768w, https:\/\/reservasantaelena.org\/wp-content\/uploads\/2024\/09\/IMG_0164-1536x864.jpg 1536w, https:\/\/reservasantaelena.org\/wp-content\/uploads\/2024\/09\/IMG_0164-2048x1152.jpg 2048w, https:\/\/reservasantaelena.org\/wp-content\/uploads\/2024\/09\/IMG_0164-18x10.jpg 18w, https:\/\/reservasantaelena.org\/wp-content\/uploads\/2024\/09\/IMG_0164-500x281.jpg 500w, https:\/\/reservasantaelena.org\/wp-content\/uploads\/2024\/09\/IMG_0164-800x450.jpg 800w, https:\/\/reservasantaelena.org\/wp-content\/uploads\/2024\/09\/IMG_0164-1280x720.jpg 1280w, https:\/\/reservasantaelena.org\/wp-content\/uploads\/2024\/09\/IMG_0164-1920x1080.jpg 1920w\" sizes=\"(max-width: 2560px) 100vw, 2560px\" \/><\/div><\/div><div class=\"nk-awb-wrap-content is-layout-constrained wp-block-nk-awb-is-layout-constrained\">\n<h3 class=\"wp-block-heading has-text-align-center has-ast-global-color-5-color has-text-color has-link-color wp-elements-42b0e1de2d91c066171d09eef3dbb595\">Especializada<\/h3>\n\n\n\n<p class=\"has-text-align-center has-ast-global-color-5-color has-text-color has-link-color wp-elements-1a1698e9e681327337d00481d222b2f2\"><em><em>Aves, Plantas, Fotograf\u00eda<\/em><\/em><\/p>\n\n\n\n<h1 class=\"wp-block-heading has-text-align-center has-ast-global-color-5-color has-text-color has-link-color wp-elements-ce8685e40da3005ee10e5665c41c570a\"><strong>\u20a1<\/strong>100 000<\/h1>\n\n\n\n<p class=\"has-text-align-center has-ast-global-color-5-color has-text-color has-link-color wp-elements-8d27c9c3cda9655b67ad914e7749cac5\">Quiero enfocarme solo a aves!  Quiero ir a mi propio ritmo para fotograf\u00eda!<\/p>\n\n\n\n<h3 class=\"wp-block-heading has-text-align-center has-ast-global-color-5-color has-text-color has-link-color wp-elements-4175bc0ccaa9ee4ef81d823778852e9a\">M\u00e1s Provecho<\/h3>\n\n\n\n<hr class=\"wp-block-separator has-text-color has-white-color has-alpha-channel-opacity has-white-background-color has-background is-style-wide\" style=\"margin-top:var(--wp--preset--spacing--50);margin-bottom:var(--wp--preset--spacing--50)\"\/>\n<\/div><\/div>\n<\/div>\n\n\n\n<div class=\"wp-block-column is-vertically-aligned-center is-layout-flow wp-block-column-is-layout-flow\" style=\"box-shadow:none\">\n<div class=\"wp-block-nk-awb nk-awb nk-awb-fullheight nk-awb-content-valign-center alignwide\" style=\"min-height:400px\"><div class=\"nk-awb-wrap-content is-layout-constrained wp-block-nk-awb-is-layout-constrained\">\n<div class=\"wp-block-buttons alignwide is-content-justification-center is-layout-flex wp-container-core-buttons-is-layout-a89b3969 wp-block-buttons-is-layout-flex\">\n<div class=\"wp-block-button is-style-outline is-style-outline--1\"><a class=\"wp-block-button__link has-ast-global-color-5-color has-text-color has-link-color wp-element-button\" href=\"https:\/\/reservasantaelena.org\/index.php\/reservaciones\/\" style=\"border-width:6px\">RESERVAR<\/a><\/div>\n<\/div>\n<\/div><\/div>\n<\/div>\n<\/div>\n<\/div><\/div>\n\n\n\n<p class=\"has-text-align-center has-medium-font-size\"><\/p>\n\n\n\n<div class=\"wp-block-nk-awb nk-awb is-layout-constrained wp-block-nk-awb-is-layout-constrained\" style=\"min-height:458px\"><div class=\"nk-awb-wrap\" data-awb-type=\"image\" data-awb-parallax=\"scroll\" data-awb-parallax-speed=\"1.5\" data-awb-parallax-mobile=\"false\" data-awb-image-background-size=\"cover\" data-awb-image-background-position=\"52% 0%\"><div class=\"nk-awb-inner\"><img loading=\"lazy\" decoding=\"async\" src=\"https:\/\/reservasantaelena.org\/wp-content\/uploads\/2024\/05\/U7A3306-scaled.jpg\" class=\"wp-image-115 jarallax-img\" width=\"2560\" height=\"1707\" srcset=\"https:\/\/reservasantaelena.org\/wp-content\/uploads\/2024\/05\/U7A3306-scaled.jpg 2560w, https:\/\/reservasantaelena.org\/wp-content\/uploads\/2024\/05\/U7A3306-300x200.jpg 300w, https:\/\/reservasantaelena.org\/wp-content\/uploads\/2024\/05\/U7A3306-1024x683.jpg 1024w, https:\/\/reservasantaelena.org\/wp-content\/uploads\/2024\/05\/U7A3306-768x512.jpg 768w, https:\/\/reservasantaelena.org\/wp-content\/uploads\/2024\/05\/U7A3306-1536x1024.jpg 1536w, https:\/\/reservasantaelena.org\/wp-content\/uploads\/2024\/05\/U7A3306-2048x1365.jpg 2048w, https:\/\/reservasantaelena.org\/wp-content\/uploads\/2024\/05\/U7A3306-18x12.jpg 18w, https:\/\/reservasantaelena.org\/wp-content\/uploads\/2024\/05\/U7A3306-500x333.jpg 500w, https:\/\/reservasantaelena.org\/wp-content\/uploads\/2024\/05\/U7A3306-800x533.jpg 800w, https:\/\/reservasantaelena.org\/wp-content\/uploads\/2024\/05\/U7A3306-1280x853.jpg 1280w, https:\/\/reservasantaelena.org\/wp-content\/uploads\/2024\/05\/U7A3306-1920x1280.jpg 1920w\" sizes=\"(max-width: 2560px) 100vw, 2560px\" \/><\/div><\/div><div class=\"nk-awb-wrap-content\"><\/div><\/div>\n\n\n\n<p class=\"has-text-align-center has-small-font-size\"><\/p>\n\n\n\n<hr class=\"wp-block-separator has-alpha-channel-opacity\"\/>\n\n\n\n<div class=\"wp-block-columns is-layout-flex wp-container-core-columns-is-layout-28f84493 wp-block-columns-is-layout-flex\">\n<div class=\"wp-block-column is-layout-flow wp-block-column-is-layout-flow\">\n<div class=\"wp-block-columns is-layout-flex wp-container-core-columns-is-layout-28f84493 wp-block-columns-is-layout-flex\">\n<div class=\"wp-block-column is-layout-flow wp-block-column-is-layout-flow\" style=\"flex-basis:700px\">\n<h3 class=\"wp-block-heading has-text-color has-link-color wp-elements-813990226f3dd1f270ae9907ba010bfd\" style=\"color:#bd5a13\">Horarios Caminatas Guiadas<\/h3>\n\n\n\n<p class=\"has-ast-global-color-3-color has-text-color has-link-color wp-elements-10def57cbf4d703b6fc42cfb31579b38\"><strong>Tours Generales<\/strong> 7:30 am | 9:15 am | 11:30 am | 1:00 pm.<\/p>\n\n\n\n<p><\/p>\n<\/div>\n\n\n\n<div class=\"wp-block-column is-vertically-aligned-center is-layout-flow wp-block-column-is-layout-flow\">\n<h3 class=\"wp-block-heading has-text-color has-link-color wp-elements-03ac99b8aedf814df4e2578713ea4bc4\" style=\"color:#d35e0a\">Caminatas Guiadas Privadas &#8211; Especializadas<\/h3>\n\n\n\n<p>Contamos con horarios flexibles y a su disposici\u00f3n entre 6:00 am a 2:00 pm.<\/p>\n\n\n\n<p>Y con tours especializados en aves, plantas y otros.<\/p>\n<\/div>\n<\/div>\n<\/div>\n<\/div>\n\n\n\n<div class=\"wp-block-columns is-layout-flex wp-container-core-columns-is-layout-28f84493 wp-block-columns-is-layout-flex\">\n<div class=\"wp-block-column is-layout-flow wp-block-column-is-layout-flow\">\n<p class=\"has-text-align-center has-medium-font-size\" style=\"margin-right:0;margin-left:0\">Nuestras Caminatas Guiadas deben ser reservadas con al menos <strong><mark style=\"background-color:rgba(0, 0, 0, 0);color:#d7891e\" class=\"has-inline-color\">1 d\u00eda de anticipaci\u00f3n<\/mark><\/strong>, a fin de brindar un servicio de calidad; as\u00ed tambi\u00e9n programar la mejor distribuci\u00f3n en idioma y cantidad de personas\/burbujas sociales. <\/p>\n\n\n\n<p class=\"has-text-align-center\">En caso de no realizar la reservaci\u00f3n previa, este servicio podr\u00e1 ser brindado seg\u00fan la disponibilidad del d\u00eda.<\/p>\n<\/div>\n<\/div>\n","protected":false},"excerpt":{"rendered":"<p>Caminatas Guiadas En nuestra reserva podemos ofrecerle caminatas guiadas diurnas: Horarios Caminatas Guiadas Tours Generales 7:30 am | 9:15 am [&hellip;]<\/p>\n","protected":false},"author":1,"featured_media":0,"parent":0,"menu_order":0,"comment_status":"closed","ping_status":"closed","template":"","meta":{"_uag_custom_page_level_css":"","site-sidebar-layout":"default","site-content-layout":"","ast-site-content-layout":"","site-content-style":"default","site-sidebar-style":"default","ast-global-header-display":"","ast-banner-title-visibility":"","ast-main-header-display":"","ast-hfb-above-header-display":"","ast-hfb-below-header-display":"","ast-hfb-mobile-header-display":"","site-post-title":"disabled","ast-breadcrumbs-content":"","ast-featured-img":"","footer-sml-layout":"","theme-transparent-header-meta":"","adv-header-id-meta":"","stick-header-meta":"","header-above-stick-meta":"","header-main-stick-meta":"","header-below-stick-meta":"","astra-migrate-meta-layouts":"default","ast-page-background-enabled":"default","ast-page-background-meta":{"desktop":{"background-color":"var(--ast-global-color-4)","background-image":"","background-repeat":"repeat","background-position":"center center","background-size":"auto","background-attachment":"scroll","background-type":"","background-media":"","overlay-type":"","overlay-color":"","overlay-opacity":"","overlay-gradient":""},"tablet":{"background-color":"","background-image":"","background-repeat":"repeat","background-position":"center center","background-size":"auto","background-attachment":"scroll","background-type":"","background-media":"","overlay-type":"","overlay-color":"","overlay-opacity":"","overlay-gradient":""},"mobile":{"background-color":"","background-image":"","background-repeat":"repeat","background-position":"center center","background-size":"auto","background-attachment":"scroll","background-type":"","background-media":"","overlay-type":"","overlay-color":"","overlay-opacity":"","overlay-gradient":""}},"ast-content-background-meta":{"desktop":{"background-color":"var(--ast-global-color-5)","background-image":"","background-repeat":"repeat","background-position":"center center","background-size":"auto","background-attachment":"scroll","background-type":"","background-media":"","overlay-type":"","overlay-color":"","overlay-opacity":"","overlay-gradient":""},"tablet":{"background-color":"var(--ast-global-color-5)","background-image":"","background-repeat":"repeat","background-position":"center center","background-size":"auto","background-attachment":"scroll","background-type":"","background-media":"","overlay-type":"","overlay-color":"","overlay-opacity":"","overlay-gradient":""},"mobile":{"background-color":"var(--ast-global-color-5)","background-image":"","background-repeat":"repeat","background-position":"center center","background-size":"auto","background-attachment":"scroll","background-type":"","background-media":"","overlay-type":"","overlay-color":"","overlay-opacity":"","overlay-gradient":""}},"footnotes":""},"class_list":["post-88","page","type-page","status-publish","hentry"],"aioseo_notices":[],"uagb_featured_image_src":{"full":false,"thumbnail":false,"medium":false,"medium_large":false,"large":false,"1536x1536":false,"2048x2048":false,"awb_sm":false,"awb_md":false,"awb_lg":false,"awb_xl":false},"uagb_author_info":{"display_name":"WalterRBNSE","author_link":"https:\/\/reservasantaelena.org\/index.php\/author\/walterrbnse\/"},"uagb_comment_info":0,"uagb_excerpt":"Caminatas Guiadas En nuestra reserva podemos ofrecerle caminatas guiadas diurnas: Horarios Caminatas Guiadas Tours Generales 7:30 am | 9:15 am [&hellip;]","_links":{"self":[{"href":"https:\/\/reservasantaelena.org\/index.php\/wp-json\/wp\/v2\/pages\/88","targetHints":{"allow":["GET"]}}],"collection":[{"href":"https:\/\/reservasantaelena.org\/index.php\/wp-json\/wp\/v2\/pages"}],"about":[{"href":"https:\/\/reservasantaelena.org\/index.php\/wp-json\/wp\/v2\/types\/page"}],"author":[{"embeddable":true,"href":"https:\/\/reservasantaelena.org\/index.php\/wp-json\/wp\/v2\/users\/1"}],"replies":[{"embeddable":true,"href":"https:\/\/reservasantaelena.org\/index.php\/wp-json\/wp\/v2\/comments?post=88"}],"version-history":[{"count":81,"href":"https:\/\/reservasantaelena.org\/index.php\/wp-json\/wp\/v2\/pages\/88\/revisions"}],"predecessor-version":[{"id":792,"href":"https:\/\/reservasantaelena.org\/index.php\/wp-json\/wp\/v2\/pages\/88\/revisions\/792"}],"wp:attachment":[{"href":"https:\/\/reservasantaelena.org\/index.php\/wp-json\/wp\/v2\/media?parent=88"}],"curies":[{"name":"wp","href":"https:\/\/api.w.org\/{rel}","templated":true}]}}