{"id":432,"date":"2024-05-26T16:02:10","date_gmt":"2024-05-26T16:02:10","guid":{"rendered":"https:\/\/reservasantaelena.org\/?page_id=432"},"modified":"2024-09-08T21:27:28","modified_gmt":"2024-09-08T21:27:28","slug":"miradores","status":"publish","type":"page","link":"https:\/\/reservasantaelena.org\/index.php\/miradores\/","title":{"rendered":"Miradores"},"content":{"rendered":"\n<div class=\"wp-block-nk-awb nk-awb\" style=\"min-height:1000px\"><div class=\"nk-awb-wrap\" data-awb-type=\"image\" data-awb-parallax=\"scroll\" data-awb-parallax-speed=\"0.5\" data-awb-parallax-mobile=\"true\" data-awb-image-background-size=\"cover\" data-awb-image-background-position=\"74% 53%\"><div class=\"nk-awb-inner\"><img fetchpriority=\"high\" decoding=\"async\" src=\"https:\/\/reservasantaelena.org\/wp-content\/uploads\/2024\/09\/U7A9955-scaled.jpg\" class=\"wp-image-434 jarallax-img\" width=\"2560\" height=\"1707\" srcset=\"https:\/\/reservasantaelena.org\/wp-content\/uploads\/2024\/09\/U7A9955-scaled.jpg 2560w, https:\/\/reservasantaelena.org\/wp-content\/uploads\/2024\/09\/U7A9955-300x200.jpg 300w, https:\/\/reservasantaelena.org\/wp-content\/uploads\/2024\/09\/U7A9955-1024x683.jpg 1024w, https:\/\/reservasantaelena.org\/wp-content\/uploads\/2024\/09\/U7A9955-768x512.jpg 768w, https:\/\/reservasantaelena.org\/wp-content\/uploads\/2024\/09\/U7A9955-1536x1024.jpg 1536w, https:\/\/reservasantaelena.org\/wp-content\/uploads\/2024\/09\/U7A9955-2048x1365.jpg 2048w, https:\/\/reservasantaelena.org\/wp-content\/uploads\/2024\/09\/U7A9955-18x12.jpg 18w, https:\/\/reservasantaelena.org\/wp-content\/uploads\/2024\/09\/U7A9955-500x333.jpg 500w, https:\/\/reservasantaelena.org\/wp-content\/uploads\/2024\/09\/U7A9955-800x533.jpg 800w, https:\/\/reservasantaelena.org\/wp-content\/uploads\/2024\/09\/U7A9955-1280x853.jpg 1280w, https:\/\/reservasantaelena.org\/wp-content\/uploads\/2024\/09\/U7A9955-1920x1280.jpg 1920w\" sizes=\"(max-width: 2560px) 100vw, 2560px\" \/><\/div><\/div><div class=\"nk-awb-wrap-content is-layout-constrained wp-container-nk-awb-is-layout-19e250f3 wp-block-nk-awb-is-layout-constrained\">\n<div class=\"wp-block-columns is-layout-flex wp-container-core-columns-is-layout-a5331a9e wp-block-columns-is-layout-flex\" style=\"padding-top:0;padding-right:0;padding-bottom:0;padding-left:0\">\n<div class=\"wp-block-column is-layout-flow wp-block-column-is-layout-flow\" style=\"flex-basis:700px\"><\/div>\n\n\n\n<div class=\"wp-block-column is-layout-flow wp-block-column-is-layout-flow\">\n<div class=\"wp-block-nk-awb nk-awb\" style=\"min-height:450px\"><div class=\"nk-awb-wrap-content is-layout-constrained wp-block-nk-awb-is-layout-constrained\">\n<div style=\"height:100px\" aria-hidden=\"true\" class=\"wp-block-spacer\"><\/div>\n<\/div><\/div>\n<\/div>\n<\/div>\n\n\n\n<div style=\"height:100px\" aria-hidden=\"true\" class=\"wp-block-spacer\"><\/div>\n<\/div><\/div>\n\n\n\n<div style=\"height:73px\" aria-hidden=\"true\" class=\"wp-block-spacer\"><\/div>\n\n\n\n<h3 class=\"wp-block-heading alignwide has-text-align-center has-x-large-font-size\">Miradores<\/h3>\n\n\n\n<div style=\"height:38px\" aria-hidden=\"true\" class=\"wp-block-spacer\"><\/div>\n\n\n\n<div class=\"wp-block-nk-awb nk-awb alignwide nk-awb-fullheight nk-awb-content-valign-center\" style=\"min-height:646px\"><div class=\"nk-awb-wrap\" data-awb-type=\"image\" data-awb-image-background-size=\"cover\" data-awb-image-background-position=\"28% 80%\"><div class=\"nk-awb-inner\"><img decoding=\"async\" src=\"https:\/\/reservasantaelena.org\/wp-content\/uploads\/2024\/09\/U7A5809-scaled.jpg\" class=\"wp-image-440 jarallax-img\" width=\"2560\" height=\"1707\" srcset=\"https:\/\/reservasantaelena.org\/wp-content\/uploads\/2024\/09\/U7A5809-scaled.jpg 2560w, https:\/\/reservasantaelena.org\/wp-content\/uploads\/2024\/09\/U7A5809-300x200.jpg 300w, https:\/\/reservasantaelena.org\/wp-content\/uploads\/2024\/09\/U7A5809-1024x683.jpg 1024w, https:\/\/reservasantaelena.org\/wp-content\/uploads\/2024\/09\/U7A5809-768x512.jpg 768w, https:\/\/reservasantaelena.org\/wp-content\/uploads\/2024\/09\/U7A5809-1536x1024.jpg 1536w, https:\/\/reservasantaelena.org\/wp-content\/uploads\/2024\/09\/U7A5809-2048x1365.jpg 2048w, https:\/\/reservasantaelena.org\/wp-content\/uploads\/2024\/09\/U7A5809-18x12.jpg 18w, https:\/\/reservasantaelena.org\/wp-content\/uploads\/2024\/09\/U7A5809-500x333.jpg 500w, https:\/\/reservasantaelena.org\/wp-content\/uploads\/2024\/09\/U7A5809-800x533.jpg 800w, https:\/\/reservasantaelena.org\/wp-content\/uploads\/2024\/09\/U7A5809-1280x853.jpg 1280w, https:\/\/reservasantaelena.org\/wp-content\/uploads\/2024\/09\/U7A5809-1920x1280.jpg 1920w\" sizes=\"(max-width: 2560px) 100vw, 2560px\" \/><\/div><\/div><div class=\"nk-awb-wrap-content is-layout-constrained wp-container-nk-awb-is-layout-19e250f3 wp-block-nk-awb-is-layout-constrained\">\n<div class=\"wp-block-columns are-vertically-aligned-center is-layout-flex wp-container-core-columns-is-layout-dd4aaecb wp-block-columns-is-layout-flex\" style=\"border-style:none;border-width:0px;border-radius:0px;margin-top:0;margin-bottom:0;padding-top:0;padding-right:0;padding-bottom:0;padding-left:0\">\n<div class=\"wp-block-column is-vertically-aligned-center is-layout-flow wp-container-core-column-is-layout-917b551b wp-block-column-is-layout-flow\" style=\"border-style:none;border-width:0px;padding-top:0;padding-right:var(--wp--preset--spacing--70);padding-bottom:0;padding-left:var(--wp--preset--spacing--70)\">\n<p class=\"has-text-align-center has-small-font-size\"><\/p>\n<\/div>\n\n\n\n<div class=\"wp-block-column is-vertically-aligned-center is-layout-flow wp-block-column-is-layout-flow\">\n<p class=\"has-text-align-center has-ast-global-color-5-color has-text-color has-link-color has-medium-font-size wp-elements-ee96ee782cdf73e300214039da4dbb87\" style=\"margin-right:0;margin-left:0\">Nuestra Reserva cuenta con 3 miradores distribuidos en el Sendero Youth Challenge y Sendero Ca\u00f1o Negro<\/p>\n\n\n\n<p class=\"has-text-align-center has-ast-global-color-5-color has-text-color has-link-color has-medium-font-size wp-elements-8b2ba02a991a1c7bf94ecc56fef3a31c\" style=\"margin-right:0;margin-left:0\">La Torre de Observaci\u00f3n con 13 metros de altura se encuentra ubicada en el Sendero Youth Challenge, por encima de la copa de los \u00e1rboles, nos permite observar hasta 4 volcanes, el lago Arenal, divisoria continental (vertientes)  y durante la tarde una catarata oculta entre las monta\u00f1as.<\/p>\n\n\n\n<p class=\"has-text-align-center has-ast-global-color-5-color has-text-color has-link-color has-small-font-size wp-elements-2177a7c265b0e0029f02d6b1448d1f3f\" style=\"margin-right:var(--wp--preset--spacing--70);margin-left:var(--wp--preset--spacing--70)\"><\/p>\n<\/div>\n<\/div>\n<\/div><\/div>\n\n\n\n<div style=\"height:38px\" aria-hidden=\"true\" class=\"wp-block-spacer\"><\/div>\n\n\n\n<div id='gallery-1' class='gallery galleryid-432 gallery-columns-3 gallery-size-thumbnail'><figure class='gallery-item'>\n\t\t\t<div class='gallery-icon landscape'>\n\t\t\t\t<a href='https:\/\/reservasantaelena.org\/index.php\/miradores\/dcim100mediadji_0530-jpg\/'><img decoding=\"async\" width=\"150\" height=\"150\" src=\"https:\/\/reservasantaelena.org\/wp-content\/uploads\/2024\/09\/DJI_0530-150x150.jpg\" class=\"attachment-thumbnail size-thumbnail\" alt=\"\" aria-describedby=\"gallery-1-441\" \/><\/a>\n\t\t\t<\/div>\n\t\t\t\t<figcaption class='wp-caption-text gallery-caption' id='gallery-1-441'>\n\t\t\t\tVista a\u00e9rea de la Torre \n\t\t\t\t<\/figcaption><\/figure><figure class='gallery-item'>\n\t\t\t<div class='gallery-icon landscape'>\n\t\t\t\t<a href='https:\/\/reservasantaelena.org\/index.php\/miradores\/_u7a3291\/'><img loading=\"lazy\" decoding=\"async\" width=\"150\" height=\"150\" src=\"https:\/\/reservasantaelena.org\/wp-content\/uploads\/2024\/09\/U7A3291-150x150.jpg\" class=\"attachment-thumbnail size-thumbnail\" alt=\"\" aria-describedby=\"gallery-1-437\" \/><\/a>\n\t\t\t<\/div>\n\t\t\t\t<figcaption class='wp-caption-text gallery-caption' id='gallery-1-437'>\n\t\t\t\tVolc\u00e1n Arenal al Amanecer\n\t\t\t\t<\/figcaption><\/figure><figure class='gallery-item'>\n\t\t\t<div class='gallery-icon landscape'>\n\t\t\t\t<a href='https:\/\/reservasantaelena.org\/index.php\/miradores\/_u7a5769\/'><img loading=\"lazy\" decoding=\"async\" width=\"150\" height=\"150\" src=\"https:\/\/reservasantaelena.org\/wp-content\/uploads\/2024\/09\/U7A5769-150x150.jpg\" class=\"attachment-thumbnail size-thumbnail\" alt=\"\" aria-describedby=\"gallery-1-444\" \/><\/a>\n\t\t\t<\/div>\n\t\t\t\t<figcaption class='wp-caption-text gallery-caption' id='gallery-1-444'>\n\t\t\t\tAmanecer desde la Torre\n\t\t\t\t<\/figcaption><\/figure><figure class='gallery-item'>\n\t\t\t<div class='gallery-icon landscape'>\n\t\t\t\t<a href='https:\/\/reservasantaelena.org\/index.php\/miradores\/_u7a9540\/'><img loading=\"lazy\" decoding=\"async\" width=\"150\" height=\"150\" src=\"https:\/\/reservasantaelena.org\/wp-content\/uploads\/2024\/09\/U7A9540-150x150.jpg\" class=\"attachment-thumbnail size-thumbnail\" alt=\"\" aria-describedby=\"gallery-1-435\" \/><\/a>\n\t\t\t<\/div>\n\t\t\t\t<figcaption class='wp-caption-text gallery-caption' id='gallery-1-435'>\n\t\t\t\tCaf\u00e9 entre las nubes\n\t\t\t\t<\/figcaption><\/figure><figure class='gallery-item'>\n\t\t\t<div class='gallery-icon landscape'>\n\t\t\t\t<a href='https:\/\/reservasantaelena.org\/index.php\/miradores\/_u7a9261\/'><img loading=\"lazy\" decoding=\"async\" width=\"150\" height=\"150\" src=\"https:\/\/reservasantaelena.org\/wp-content\/uploads\/2024\/09\/U7A9261-150x150.jpg\" class=\"attachment-thumbnail size-thumbnail\" alt=\"\" aria-describedby=\"gallery-1-445\" \/><\/a>\n\t\t\t<\/div>\n\t\t\t\t<figcaption class='wp-caption-text gallery-caption' id='gallery-1-445'>\n\t\t\t\tAtardecer desde la torre\n\t\t\t\t<\/figcaption><\/figure>\n\t\t<\/div>\n\n\n\n\n<p class=\"has-text-align-center has-medium-font-size\"><\/p>\n\n\n\n<div class=\"wp-block-nk-awb nk-awb alignwide nk-awb-fullheight nk-awb-content-valign-center\" style=\"min-height:646px\"><div class=\"nk-awb-wrap\" data-awb-type=\"image\" data-awb-image-background-size=\"cover\" data-awb-image-background-position=\"28% 80%\"><div class=\"nk-awb-inner\"><img loading=\"lazy\" decoding=\"async\" src=\"https:\/\/reservasantaelena.org\/wp-content\/uploads\/2024\/09\/6T7A0261.jpg\" class=\"wp-image-448 jarallax-img\" width=\"2000\" height=\"1333\" srcset=\"https:\/\/reservasantaelena.org\/wp-content\/uploads\/2024\/09\/6T7A0261.jpg 2000w, https:\/\/reservasantaelena.org\/wp-content\/uploads\/2024\/09\/6T7A0261-300x200.jpg 300w, https:\/\/reservasantaelena.org\/wp-content\/uploads\/2024\/09\/6T7A0261-1024x682.jpg 1024w, https:\/\/reservasantaelena.org\/wp-content\/uploads\/2024\/09\/6T7A0261-768x512.jpg 768w, https:\/\/reservasantaelena.org\/wp-content\/uploads\/2024\/09\/6T7A0261-1536x1024.jpg 1536w, https:\/\/reservasantaelena.org\/wp-content\/uploads\/2024\/09\/6T7A0261-18x12.jpg 18w, https:\/\/reservasantaelena.org\/wp-content\/uploads\/2024\/09\/6T7A0261-500x333.jpg 500w, https:\/\/reservasantaelena.org\/wp-content\/uploads\/2024\/09\/6T7A0261-800x533.jpg 800w, https:\/\/reservasantaelena.org\/wp-content\/uploads\/2024\/09\/6T7A0261-1280x853.jpg 1280w, https:\/\/reservasantaelena.org\/wp-content\/uploads\/2024\/09\/6T7A0261-1920x1280.jpg 1920w\" sizes=\"(max-width: 2000px) 100vw, 2000px\" \/><\/div><\/div><div class=\"nk-awb-wrap-content is-layout-constrained wp-container-nk-awb-is-layout-19e250f3 wp-block-nk-awb-is-layout-constrained\">\n<div class=\"wp-block-columns are-vertically-aligned-center is-layout-flex wp-container-core-columns-is-layout-dd4aaecb wp-block-columns-is-layout-flex\" style=\"border-style:none;border-width:0px;border-radius:0px;margin-top:0;margin-bottom:0;padding-top:0;padding-right:0;padding-bottom:0;padding-left:0\">\n<div class=\"wp-block-column is-vertically-aligned-center is-layout-flow wp-block-column-is-layout-flow\">\n<p class=\"has-text-align-center has-ast-global-color-5-color has-text-color has-link-color wp-elements-43993e7af468a45d6920e9bffaf8723e\" style=\"margin-right:var(--wp--preset--spacing--80);margin-left:var(--wp--preset--spacing--80);font-size:17px\"><\/p>\n\n\n\n<p class=\"has-text-align-center has-black-color has-text-color has-link-color wp-elements-7d656243cfafd0ee975595fb1b8d3e83\" style=\"margin-right:var(--wp--preset--spacing--80);margin-left:var(--wp--preset--spacing--80)\">La plataforma de observaci\u00f3n a nivel del sendero se encuentra ubicada en el Sendero Youth Challenge, siendo accesible para aquellas personas con dificultades para acceder a la Torre.<\/p>\n\n\n\n<p class=\"has-text-align-center has-ast-global-color-5-color has-text-color has-link-color has-small-font-size wp-elements-2177a7c265b0e0029f02d6b1448d1f3f\" style=\"margin-right:var(--wp--preset--spacing--70);margin-left:var(--wp--preset--spacing--70)\"><\/p>\n<\/div>\n\n\n\n<div class=\"wp-block-column is-vertically-aligned-center is-layout-flow wp-container-core-column-is-layout-917b551b wp-block-column-is-layout-flow\" style=\"border-style:none;border-width:0px;padding-top:0;padding-right:var(--wp--preset--spacing--70);padding-bottom:0;padding-left:var(--wp--preset--spacing--70)\">\n<p class=\"has-text-align-center has-small-font-size\"><\/p>\n<\/div>\n<\/div>\n<\/div><\/div>\n\n\n\n<p class=\"has-text-align-center has-small-font-size\"><\/p>\n\n\n\n<hr class=\"wp-block-separator has-alpha-channel-opacity\"\/>\n\n\n\n<div class=\"wp-block-columns is-layout-flex wp-container-core-columns-is-layout-28f84493 wp-block-columns-is-layout-flex\">\n<div class=\"wp-block-column is-layout-flow wp-block-column-is-layout-flow\">\n<p class=\"has-text-align-center has-medium-font-size\" style=\"margin-right:var(--wp--preset--spacing--30);margin-left:var(--wp--preset--spacing--30)\">Los Miradores y Torre de Observaci\u00f3n son accesibles durante todo el a\u00f1o y est\u00e1n incluidos con los Paquetes Guiados y Auto Guiados.<\/p>\n\n\n\n<p class=\"has-text-align-center\">Tomar en cuenta que la visibilidad de los miradores depende completamente del clima, en nuestro bosque nuboso los vientos influyen en el paso de las nubes por lo que es de esperarse que el clima cambie frecuentemente. Puedes dar un vistazo al pron\u00f3stico en este link para as\u00ed programar tu visita. Si el marcador es superior al 55% de probabilidades de nubes a lo largo del d\u00eda, es probable que no se despejen los miradores, sin embargo esto es solo una proyecci\u00f3n.<\/p>\n\n\n\n<div class=\"wp-block-buttons is-content-justification-center is-layout-flex wp-container-core-buttons-is-layout-a89b3969 wp-block-buttons-is-layout-flex\">\n<div class=\"wp-block-button is-style-fill\"><a class=\"wp-block-button__link has-ast-global-color-5-color has-luminous-vivid-amber-to-luminous-vivid-orange-gradient-background has-text-color has-background has-link-color wp-element-button\" href=\"https:\/\/www.windy.com\/es\/-Nubes-clouds?clouds,10.419,-84.622,10,m:dWpadNP\" style=\"border-style:none;border-width:0px\">Revisar el clima<\/a><\/div>\n<\/div>\n<\/div>\n<\/div>\n","protected":false},"excerpt":{"rendered":"<p>Miradores Los Miradores y Torre de Observaci\u00f3n son accesibles durante todo el a\u00f1o y est\u00e1n incluidos con los Paquetes Guiados [&hellip;]<\/p>\n","protected":false},"author":1,"featured_media":0,"parent":0,"menu_order":0,"comment_status":"closed","ping_status":"closed","template":"","meta":{"_uag_custom_page_level_css":"","site-sidebar-layout":"default","site-content-layout":"","ast-site-content-layout":"","site-content-style":"default","site-sidebar-style":"default","ast-global-header-display":"","ast-banner-title-visibility":"","ast-main-header-display":"","ast-hfb-above-header-display":"","ast-hfb-below-header-display":"","ast-hfb-mobile-header-display":"","site-post-title":"disabled","ast-breadcrumbs-content":"","ast-featured-img":"","footer-sml-layout":"","theme-transparent-header-meta":"","adv-header-id-meta":"","stick-header-meta":"","header-above-stick-meta":"","header-main-stick-meta":"","header-below-stick-meta":"","astra-migrate-meta-layouts":"default","ast-page-background-enabled":"default","ast-page-background-meta":{"desktop":{"background-color":"var(--ast-global-color-4)","background-image":"","background-repeat":"repeat","background-position":"center center","background-size":"auto","background-attachment":"scroll","background-type":"","background-media":"","overlay-type":"","overlay-color":"","overlay-opacity":"","overlay-gradient":""},"tablet":{"background-color":"","background-image":"","background-repeat":"repeat","background-position":"center center","background-size":"auto","background-attachment":"scroll","background-type":"","background-media":"","overlay-type":"","overlay-color":"","overlay-opacity":"","overlay-gradient":""},"mobile":{"background-color":"","background-image":"","background-repeat":"repeat","background-position":"center center","background-size":"auto","background-attachment":"scroll","background-type":"","background-media":"","overlay-type":"","overlay-color":"","overlay-opacity":"","overlay-gradient":""}},"ast-content-background-meta":{"desktop":{"background-color":"var(--ast-global-color-5)","background-image":"","background-repeat":"repeat","background-position":"center center","background-size":"auto","background-attachment":"scroll","background-type":"","background-media":"","overlay-type":"","overlay-color":"","overlay-opacity":"","overlay-gradient":""},"tablet":{"background-color":"var(--ast-global-color-5)","background-image":"","background-repeat":"repeat","background-position":"center center","background-size":"auto","background-attachment":"scroll","background-type":"","background-media":"","overlay-type":"","overlay-color":"","overlay-opacity":"","overlay-gradient":""},"mobile":{"background-color":"var(--ast-global-color-5)","background-image":"","background-repeat":"repeat","background-position":"center center","background-size":"auto","background-attachment":"scroll","background-type":"","background-media":"","overlay-type":"","overlay-color":"","overlay-opacity":"","overlay-gradient":""}},"footnotes":""},"class_list":["post-432","page","type-page","status-publish","hentry"],"aioseo_notices":[],"uagb_featured_image_src":{"full":false,"thumbnail":false,"medium":false,"medium_large":false,"large":false,"1536x1536":false,"2048x2048":false,"awb_sm":false,"awb_md":false,"awb_lg":false,"awb_xl":false},"uagb_author_info":{"display_name":"WalterRBNSE","author_link":"https:\/\/reservasantaelena.org\/index.php\/author\/walterrbnse\/"},"uagb_comment_info":0,"uagb_excerpt":"Miradores Los Miradores y Torre de Observaci\u00f3n son accesibles durante todo el a\u00f1o y est\u00e1n incluidos con los Paquetes Guiados [&hellip;]","_links":{"self":[{"href":"https:\/\/reservasantaelena.org\/index.php\/wp-json\/wp\/v2\/pages\/432","targetHints":{"allow":["GET"]}}],"collection":[{"href":"https:\/\/reservasantaelena.org\/index.php\/wp-json\/wp\/v2\/pages"}],"about":[{"href":"https:\/\/reservasantaelena.org\/index.php\/wp-json\/wp\/v2\/types\/page"}],"author":[{"embeddable":true,"href":"https:\/\/reservasantaelena.org\/index.php\/wp-json\/wp\/v2\/users\/1"}],"replies":[{"embeddable":true,"href":"https:\/\/reservasantaelena.org\/index.php\/wp-json\/wp\/v2\/comments?post=432"}],"version-history":[{"count":16,"href":"https:\/\/reservasantaelena.org\/index.php\/wp-json\/wp\/v2\/pages\/432\/revisions"}],"predecessor-version":[{"id":469,"href":"https:\/\/reservasantaelena.org\/index.php\/wp-json\/wp\/v2\/pages\/432\/revisions\/469"}],"wp:attachment":[{"href":"https:\/\/reservasantaelena.org\/index.php\/wp-json\/wp\/v2\/media?parent=432"}],"curies":[{"name":"wp","href":"https:\/\/api.w.org\/{rel}","templated":true}]}}