{"id":138,"date":"2024-06-25T16:13:57","date_gmt":"2024-06-25T16:13:57","guid":{"rendered":"https:\/\/reservasantaelena.org\/?page_id=138"},"modified":"2024-08-29T17:44:34","modified_gmt":"2024-08-29T17:44:34","slug":"organizacion","status":"publish","type":"page","link":"https:\/\/reservasantaelena.org\/index.php\/organizacion\/","title":{"rendered":"Organizaci\u00f3n"},"content":{"rendered":"\n<div class=\"wp-block-columns is-layout-flex wp-container-core-columns-is-layout-28f84493 wp-block-columns-is-layout-flex\">\n<div class=\"wp-block-column is-layout-flow wp-block-column-is-layout-flow\">\n<div class=\"wp-block-columns is-layout-flex wp-container-core-columns-is-layout-28f84493 wp-block-columns-is-layout-flex\">\n<div class=\"wp-block-column is-layout-flow wp-block-column-is-layout-flow\">\n<h2 class=\"wp-block-heading\">La Reserva<\/h2>\n\n\n\n<p><br>Las trescientas diez hect\u00e1reas (765 acres) que componen la Reserva Bosque Nuboso de Santa Elena han estado arrendadas por La Junta Administrativa del Colegio T\u00e9cnico Profesional de Santa Elena bajo un Permiso de Uso otorgado por el MINAE-ACAT desde el a\u00f1o 1991.<\/p>\n\n\n\n<p>La Reserva fue creada gracias a la determinaci\u00f3n de la comunidad, junto con la participaci\u00f3n de padres y estudiantes del Colegio, as\u00ed como voluntarios de las organizaciones Youth Challenge Internacional y La Asociaci\u00f3n Ambiental Vida, como un medio para compartir los beneficios del Turismo y utilizarlos como una herramienta para el bien com\u00fan, este proyecto fue abierto al p\u00fablico el 1 de Marzo de 1992.<\/p>\n\n\n\n<p>Los aportes provenientes del Ecotur\u00edsmo son empleados para la protecci\u00f3n y manejo de La Reserva, adem\u00e1s de proveer una mejor calidad en la infraestructura y servicios en el Colegio de Santa Elena y las Escuelas de la zona, as\u00ed como colaborar en proyectos ambientales y culturales de la comunidad.<\/p>\n\n\n\n<p>Resaltando que La Reserva Bosque Nuboso Santa Elena es una de las primeras Reservas del Pa\u00eds que es dirigida por una Junta Administrativa de un Colegio P\u00fablico Nacional, propiciando un beneficio directo a la Comunidad.<\/p>\n\n\n\n<p>La Reserva Bosque Nuboso Santa Elena se ubica en la parte Caribe de la divisi\u00f3n continental, a una altura promedio de 1600msnm, con un clima predominado por los vientos alisios del Noreste, con una precipitaci\u00f3n anual aproximada de 4000mm\u00b3, una temperatura promedio de 18\u00b0 C y una humedad relativa alrededor del 100%. Se encuentra en la zona de vida de Bosque Montano Bajo H\u00famedo (Holdridge). Se encuentra dentro del \u00c1rea de Conservaci\u00f3n Arenal Tempisque (ACAT) forma parte de la Zona Protectora Arenal Monteverde y su vez se encuentra dentro del Corredor Biol\u00f3gico P\u00e1jaro Campana.<\/p>\n<\/div>\n\n\n\n<div class=\"wp-block-column is-layout-flow wp-block-column-is-layout-flow\">\n<figure class=\"wp-block-image aligncenter size-large has-custom-border wp-duotone-unset-1\"><img fetchpriority=\"high\" decoding=\"async\" width=\"576\" height=\"1024\" src=\"https:\/\/reservasantaelena.org\/wp-content\/uploads\/2024\/06\/Historia-576x1024.jpg\" alt=\"\" class=\"wp-image-146\" style=\"border-width:3px;border-radius:74px\" srcset=\"https:\/\/reservasantaelena.org\/wp-content\/uploads\/2024\/06\/Historia-576x1024.jpg 576w, https:\/\/reservasantaelena.org\/wp-content\/uploads\/2024\/06\/Historia-169x300.jpg 169w, https:\/\/reservasantaelena.org\/wp-content\/uploads\/2024\/06\/Historia-768x1365.jpg 768w, https:\/\/reservasantaelena.org\/wp-content\/uploads\/2024\/06\/Historia-864x1536.jpg 864w, https:\/\/reservasantaelena.org\/wp-content\/uploads\/2024\/06\/Historia-7x12.jpg 7w, https:\/\/reservasantaelena.org\/wp-content\/uploads\/2024\/06\/Historia-500x889.jpg 500w, https:\/\/reservasantaelena.org\/wp-content\/uploads\/2024\/06\/Historia-800x1422.jpg 800w, https:\/\/reservasantaelena.org\/wp-content\/uploads\/2024\/06\/Historia.jpg 1080w\" sizes=\"(max-width: 576px) 100vw, 576px\" \/><\/figure>\n<\/div>\n<\/div>\n\n\n\n<div style=\"height:100px\" aria-hidden=\"true\" class=\"wp-block-spacer\"><\/div>\n\n\n\n<div class=\"wp-block-columns is-layout-flex wp-container-core-columns-is-layout-35c19a86 wp-block-columns-is-layout-flex\" style=\"border-style:none;border-width:0px;border-radius:0px;padding-top:0;padding-right:var(--wp--preset--spacing--30);padding-bottom:0;padding-left:var(--wp--preset--spacing--30)\">\n<div class=\"wp-block-column is-layout-flow wp-block-column-is-layout-flow\">\n<h2 class=\"wp-block-heading\">VISI\u00d3N<\/h2>\n\n\n\n<p>Ser un modelo de gesti\u00f3n participativa para la conservaci\u00f3n y uso sostenible de los recursos naturales, a trav\u00e9s del eco turismo, capacitaci\u00f3n, investigaci\u00f3n y educaci\u00f3n ambiental.<\/p>\n<\/div>\n\n\n\n<div class=\"wp-block-column is-layout-flow wp-block-column-is-layout-flow\">\n<h2 class=\"wp-block-heading\">MISI\u00d3N<\/h2>\n\n\n\n<p>La Reserva Bosque Nuboso Santa Elena es una organizaci\u00f3n enfocada en el turismo ecol\u00f3gico, educaci\u00f3n ambiental, investigaci\u00f3n y conservaci\u00f3n del Bosque Nuboso, para el beneficio comunal, educativo y de los recursos naturales de la Regi\u00f3n.<\/p>\n<\/div>\n\n\n\n<div class=\"wp-block-column is-layout-flow wp-block-column-is-layout-flow\">\n<h2 class=\"wp-block-heading\">HISTORIA<\/h2>\n\n\n\n<p>Para conocer mas sobre la historia de este proyecto  visite el siguiente <a href=\"https:\/\/www.sinac.go.cr\/ES\/publicaciones\/Sistematizacin%20experiencias%20locales\/INFORME%2012%20-%20RESERVA%20SANTA%20ELENA.pdf\" target=\"_blank\" rel=\"noopener\" title=\"link \">link <\/a>o descargue el documento.<\/p>\n\n\n\n<ul class=\"wp-block-social-links has-large-icon-size is-content-justification-center is-layout-flex wp-container-core-social-links-is-layout-a89b3969 wp-block-social-links-is-layout-flex\"><li class=\"wp-social-link wp-social-link-chain  wp-block-social-link\"><a href=\"https:\/\/www.sinac.go.cr\/ES\/publicaciones\/Sistematizacin%20experiencias%20locales\/INFORME%2012%20-%20RESERVA%20SANTA%20ELENA.pdf\" class=\"wp-block-social-link-anchor\"><svg width=\"24\" height=\"24\" viewBox=\"0 0 24 24\" version=\"1.1\" xmlns=\"http:\/\/www.w3.org\/2000\/svg\" aria-hidden=\"true\" focusable=\"false\"><path d=\"M15.6,7.2H14v1.5h1.6c2,0,3.7,1.7,3.7,3.7s-1.7,3.7-3.7,3.7H14v1.5h1.6c2.8,0,5.2-2.3,5.2-5.2,0-2.9-2.3-5.2-5.2-5.2zM4.7,12.4c0-2,1.7-3.7,3.7-3.7H10V7.2H8.4c-2.9,0-5.2,2.3-5.2,5.2,0,2.9,2.3,5.2,5.2,5.2H10v-1.5H8.4c-2,0-3.7-1.7-3.7-3.7zm4.6.9h5.3v-1.5H9.3v1.5z\"><\/path><\/svg><span class=\"wp-block-social-link-label screen-reader-text\">Enlace<\/span><\/a><\/li><\/ul>\n<\/div>\n<\/div>\n\n\n\n<div style=\"height:36px\" aria-hidden=\"true\" class=\"wp-block-spacer\"><\/div>\n\n\n\n<h2 class=\"wp-block-heading has-text-align-center\">Compromiso Comunitario<\/h2>\n\n\n\n<div style=\"height:46px\" aria-hidden=\"true\" class=\"wp-block-spacer\"><\/div>\n\n\n\n<div class=\"wp-block-columns is-layout-flex wp-container-core-columns-is-layout-2cddd1b0 wp-block-columns-is-layout-flex\" style=\"padding-right:0;padding-left:0\">\n<div class=\"wp-block-column is-layout-flow wp-block-column-is-layout-flow\">\n<h3 class=\"wp-block-heading\">Educaci\u00f3n Ambiental<\/h3>\n\n\n\n<p>Reserva Bosque Nuboso Santa Elena desarrolla un programa de educaci\u00f3n ambiental desde 2003 en 5 centros educativos primarios aleda\u00f1os al pueblo de Monteverde. En este programa se realizan visitas a los centros educativos, con charlas sobre diferentes temas ambientales, talleres y otras actividades tratando de incentivar valores en los ni\u00f1os para el cuidado del ambiente y en algunas ocasiones se coordinan actividades para que los estudiantes puedan conocer la Reserva y tener una mejor visi\u00f3n de qu\u00e9 es el bosque y cu\u00e1les son los recursos que se deben de proteger.<\/p>\n<\/div>\n\n\n\n<div class=\"wp-block-column is-layout-flow wp-block-column-is-layout-flow\">\n<h3 class=\"wp-block-heading\">Amigos del Ambiente<\/h3>\n\n\n\n<p>El principal objetivo de este programa es impulsar el aprovechamiento de la Reserva Bosque Nuboso Santa Elena como laboratorio natural para el desarrollo de proyectos de Investigaci\u00f3n y Educaci\u00f3n Ambiental por j\u00f3venes del distrito de Monteverde y comunidades aleda\u00f1as mediante ciencia ciudadana. Con el inter\u00e9s presente en j\u00f3venes del distrito desde el a\u00f1o 2011 la Reserva Bosque Nuboso Santa Elena busca la manera de potenciar el desarrollo de educaci\u00f3n ambiental mediante su inclusi\u00f3n en proyectos de investigaci\u00f3n<\/p>\n<\/div>\n\n\n\n<div class=\"wp-block-column is-layout-flow wp-block-column-is-layout-flow\">\n<h3 class=\"wp-block-heading\">Aroma de Caf\u00e9<\/h3>\n\n\n\n<p>Un proyecto cultural desarrollado en la regi\u00f3n de Monteverde que busca mantener los valores costarricenses y promover el desarrollo folkl\u00f3rico de la regi\u00f3n, junto con los el sentido de conservaci\u00f3n que ha caracterizado a la Regi\u00f3n de Monteverde. <\/p>\n\n\n\n<p>Donde nuestra Reserva se enorgullece en apoyar activamente con espacios, material digital, econ\u00f3mico y promoci\u00f3n del grupo.<\/p>\n<\/div>\n<\/div>\n<\/div>\n<\/div>\n","protected":false},"excerpt":{"rendered":"<p>La Reserva Las trescientas diez hect\u00e1reas (765 acres) que componen la Reserva Bosque Nuboso de Santa Elena han estado arrendadas [&hellip;]<\/p>\n","protected":false},"author":1,"featured_media":0,"parent":0,"menu_order":0,"comment_status":"closed","ping_status":"closed","template":"","meta":{"_uag_custom_page_level_css":"","site-sidebar-layout":"default","site-content-layout":"","ast-site-content-layout":"","site-content-style":"default","site-sidebar-style":"default","ast-global-header-display":"","ast-banner-title-visibility":"","ast-main-header-display":"","ast-hfb-above-header-display":"","ast-hfb-below-header-display":"","ast-hfb-mobile-header-display":"","site-post-title":"disabled","ast-breadcrumbs-content":"","ast-featured-img":"","footer-sml-layout":"","theme-transparent-header-meta":"","adv-header-id-meta":"","stick-header-meta":"","header-above-stick-meta":"","header-main-stick-meta":"","header-below-stick-meta":"","astra-migrate-meta-layouts":"default","ast-page-background-enabled":"default","ast-page-background-meta":{"desktop":{"background-color":"var(--ast-global-color-4)","background-image":"","background-repeat":"repeat","background-position":"center center","background-size":"auto","background-attachment":"scroll","background-type":"","background-media":"","overlay-type":"","overlay-color":"","overlay-opacity":"","overlay-gradient":""},"tablet":{"background-color":"","background-image":"","background-repeat":"repeat","background-position":"center center","background-size":"auto","background-attachment":"scroll","background-type":"","background-media":"","overlay-type":"","overlay-color":"","overlay-opacity":"","overlay-gradient":""},"mobile":{"background-color":"","background-image":"","background-repeat":"repeat","background-position":"center center","background-size":"auto","background-attachment":"scroll","background-type":"","background-media":"","overlay-type":"","overlay-color":"","overlay-opacity":"","overlay-gradient":""}},"ast-content-background-meta":{"desktop":{"background-color":"var(--ast-global-color-5)","background-image":"","background-repeat":"repeat","background-position":"center center","background-size":"auto","background-attachment":"scroll","background-type":"","background-media":"","overlay-type":"","overlay-color":"","overlay-opacity":"","overlay-gradient":""},"tablet":{"background-color":"var(--ast-global-color-5)","background-image":"","background-repeat":"repeat","background-position":"center center","background-size":"auto","background-attachment":"scroll","background-type":"","background-media":"","overlay-type":"","overlay-color":"","overlay-opacity":"","overlay-gradient":""},"mobile":{"background-color":"var(--ast-global-color-5)","background-image":"","background-repeat":"repeat","background-position":"center center","background-size":"auto","background-attachment":"scroll","background-type":"","background-media":"","overlay-type":"","overlay-color":"","overlay-opacity":"","overlay-gradient":""}},"footnotes":""},"class_list":["post-138","page","type-page","status-publish","hentry"],"aioseo_notices":[],"uagb_featured_image_src":{"full":false,"thumbnail":false,"medium":false,"medium_large":false,"large":false,"1536x1536":false,"2048x2048":false,"awb_sm":false,"awb_md":false,"awb_lg":false,"awb_xl":false},"uagb_author_info":{"display_name":"WalterRBNSE","author_link":"https:\/\/reservasantaelena.org\/index.php\/author\/walterrbnse\/"},"uagb_comment_info":0,"uagb_excerpt":"La Reserva Las trescientas diez hect\u00e1reas (765 acres) que componen la Reserva Bosque Nuboso de Santa Elena han estado arrendadas [&hellip;]","_links":{"self":[{"href":"https:\/\/reservasantaelena.org\/index.php\/wp-json\/wp\/v2\/pages\/138","targetHints":{"allow":["GET"]}}],"collection":[{"href":"https:\/\/reservasantaelena.org\/index.php\/wp-json\/wp\/v2\/pages"}],"about":[{"href":"https:\/\/reservasantaelena.org\/index.php\/wp-json\/wp\/v2\/types\/page"}],"author":[{"embeddable":true,"href":"https:\/\/reservasantaelena.org\/index.php\/wp-json\/wp\/v2\/users\/1"}],"replies":[{"embeddable":true,"href":"https:\/\/reservasantaelena.org\/index.php\/wp-json\/wp\/v2\/comments?post=138"}],"version-history":[{"count":8,"href":"https:\/\/reservasantaelena.org\/index.php\/wp-json\/wp\/v2\/pages\/138\/revisions"}],"predecessor-version":[{"id":327,"href":"https:\/\/reservasantaelena.org\/index.php\/wp-json\/wp\/v2\/pages\/138\/revisions\/327"}],"wp:attachment":[{"href":"https:\/\/reservasantaelena.org\/index.php\/wp-json\/wp\/v2\/media?parent=138"}],"curies":[{"name":"wp","href":"https:\/\/api.w.org\/{rel}","templated":true}]}}